{"id":6559,"date":"2022-07-21T03:55:02","date_gmt":"2022-07-21T03:55:02","guid":{"rendered":"https:\/\/patiotime.loftocean.com\/demo9\/?page_id=19"},"modified":"2025-03-31T15:17:49","modified_gmt":"2025-03-31T15:17:49","slug":"contactar","status":"publish","type":"page","link":"https:\/\/restaurantekuvo.com\/es\/contactar\/","title":{"rendered":"Contactar"},"content":{"rendered":"\t\t<div data-elementor-type=\"wp-page\" data-elementor-id=\"6559\" class=\"elementor elementor-6559\">\n\t\t\t\t\t\t<section class=\"elementor-section elementor-top-section elementor-element elementor-element-7ac0e5d0 elementor-section-full_width elementor-reverse-tablet elementor-reverse-mobile elementor-section-height-default elementor-section-height-default\" data-id=\"7ac0e5d0\" data-element_type=\"section\">\n\t\t\t\t\t\t<div class=\"elementor-container elementor-column-gap-no\">\n\t\t\t\t\t<div class=\"elementor-column elementor-col-50 elementor-top-column elementor-element elementor-element-2c33adb8 dark-color\" data-id=\"2c33adb8\" data-element_type=\"column\" data-settings=\"{&quot;background_background&quot;:&quot;classic&quot;}\">\n\t\t\t<div class=\"elementor-widget-wrap elementor-element-populated\">\n\t\t\t\t\t<div class=\"elementor-background-overlay\"><\/div>\n\t\t\t\t\t\t<div class=\"elementor-element elementor-element-658a5b2e elementor-widget elementor-widget-pt_title\" data-id=\"658a5b2e\" data-element_type=\"widget\" data-widget_type=\"pt_title.default\">\n\t\t\t\t<div class=\"elementor-widget-container\">\n\t\t\t\t\t\n        <div class=\"pt-title-wrap\">\t            <div class=\"pt-subtitle-wrap\"><span class=\"pt-subtitle style-bordered\">uBICACI\u00d3N<\/span><\/div>\t            <h5 class=\"pt-title color-white\">\n\t                D\u00f3nde encontrarnos\t            <\/h5>\t            <div class=\"pt-title-text\">\n\t                <p><span class=\"HwtZe\" lang=\"es\"><span class=\"jCAhz ChMk0b\"><span class=\"ryNqvb\">Kuvo Restaurante est\u00e1 muy bien ubicado en Av. Andaluc\u00eda, 239, Estepona, M\u00e1laga, f\u00e1cilmente accesible desde la autopista, para que pueda disfrutar de una experiencia gastron\u00f3mica sin la molestia de conducir por el centro de la ciudad.<\/span><\/span><\/span><\/p>\t            <\/div>        <\/div>\t\t\t\t<\/div>\n\t\t\t\t<\/div>\n\t\t\t\t<div class=\"elementor-element elementor-element-51d644b5 elementor-widget elementor-widget-pt_info\" data-id=\"51d644b5\" data-element_type=\"widget\" data-widget_type=\"pt_info.default\">\n\t\t\t\t<div class=\"elementor-widget-container\">\n\t\t\t\t\t\t            <div class=\"pt-info pt-address\">\n\t                <a href=\"https:\/\/www.google.com\/maps\/place\/\/data=!4m2!3m1!1s0xd0cd7a5721f1d1b:0x291e199cdb784ac7?sa=X&amp;ved=1t:8290&amp;ictx=111\">\t                    <i class=\"fas fa-map-marker-alt\"><\/i> Avenida Andaluc\u00eda, 239, 29680 Estepona (M\u00e1laga)\t                <\/a>\t            <\/div>\t\t\t\t<\/div>\n\t\t\t\t<\/div>\n\t\t\t\t<div class=\"elementor-element elementor-element-1dec5f5f elementor-widget elementor-widget-pt_info\" data-id=\"1dec5f5f\" data-element_type=\"widget\" data-widget_type=\"pt_info.default\">\n\t\t\t\t<div class=\"elementor-widget-container\">\n\t\t\t\t\t\t            <div class=\"pt-info pt-tel\">\n\t                <a href=\"tel:+34 639019199\">\t                    <i class=\"fas fa-phone\"><\/i> +34 639019199\t                <\/a>\t            <\/div>\t\t\t\t<\/div>\n\t\t\t\t<\/div>\n\t\t\t\t<div class=\"elementor-element elementor-element-6107ac95 elementor-widget elementor-widget-pt_info\" data-id=\"6107ac95\" data-element_type=\"widget\" data-widget_type=\"pt_info.default\">\n\t\t\t\t<div class=\"elementor-widget-container\">\n\t\t\t\t\t\t            <div class=\"pt-info pt-email\">\n\t                <a href=\"mailto:info@restaurantekuvo.com\">\t                    <i class=\"far fa-envelope\"><\/i> info@restaurantekuvo.com\t                <\/a>\t            <\/div>\t\t\t\t<\/div>\n\t\t\t\t<\/div>\n\t\t\t\t<div class=\"elementor-element elementor-element-2848d702 elementor-widget elementor-widget-pt_button\" data-id=\"2848d702\" data-element_type=\"widget\" data-widget_type=\"pt_button.default\">\n\t\t\t\t<div class=\"elementor-widget-container\">\n\t\t\t\t\t        <a href=\"https:\/\/restaurantekuvo.myrestoo.net\/es\/reservar?utm_medium=Google&#038;utm_source=Directa\" target=\"_blank\" class=\"elementor-button-link button pt-btn-large\" role=\"button\">\n            <span class=\"pt-btn-text\">Reservar mesa<\/span>\n        <\/a>\t\t\t\t<\/div>\n\t\t\t\t<\/div>\n\t\t\t\t\t<\/div>\n\t\t<\/div>\n\t\t\t\t<div class=\"elementor-column elementor-col-50 elementor-top-column elementor-element elementor-element-3a0b603e\" data-id=\"3a0b603e\" data-element_type=\"column\">\n\t\t\t<div class=\"elementor-widget-wrap elementor-element-populated\">\n\t\t\t\t\t\t<div class=\"elementor-element elementor-element-6530388f elementor-widget elementor-widget-google_maps\" data-id=\"6530388f\" data-element_type=\"widget\" data-widget_type=\"google_maps.default\">\n\t\t\t\t<div class=\"elementor-widget-container\">\n\t\t\t\t\t\t\t<div class=\"elementor-custom-embed\">\n\t\t\t<iframe loading=\"lazy\"\n\t\t\t\t\tsrc=\"https:\/\/maps.google.com\/maps?q=Av.%20Andaluc%C3%ADa%2C%20239%2C%2029680%20Estepona%2C%20M%C3%A1laga&#038;t=m&#038;z=10&#038;output=embed&#038;iwloc=near\"\n\t\t\t\t\ttitle=\"Av. Andaluc\u00eda, 239, 29680 Estepona, M\u00e1laga\"\n\t\t\t\t\taria-label=\"Av. Andaluc\u00eda, 239, 29680 Estepona, M\u00e1laga\"\n\t\t\t><\/iframe>\n\t\t<\/div>\n\t\t\t\t\t\t<\/div>\n\t\t\t\t<\/div>\n\t\t\t\t\t<\/div>\n\t\t<\/div>\n\t\t\t\t\t<\/div>\n\t\t<\/section>\n\t\t\t\t<\/div>\n\t\t","protected":false},"excerpt":{"rendered":"<p>uBICACI\u00d3N D\u00f3nde encontrarnos Kuvo Restaurante est\u00e1 muy bien ubicado en Av. Andaluc\u00eda, 239, Estepona, M\u00e1laga, f\u00e1cilmente accesible desde la autopista, para que pueda disfrutar de una experiencia gastron\u00f3mica sin la molestia de conducir por el centro de la ciudad. Avenida Andaluc\u00eda, 239, 29680 Estepona (M\u00e1laga) +34 639019199 info@restaurantekuvo.com Reservar mesa<\/p>\n","protected":false},"author":1,"featured_media":0,"parent":0,"menu_order":0,"comment_status":"closed","ping_status":"closed","template":"template-wide-content.php","meta":{"patiotime_single_page_hide_site_header":"","patiotime_single_page_site_header_source":"","patiotime_single_page_custom_site_header":"0","patiotime_single_page_custom_sticky_site_header":"0","patiotime_single_page_custom_page_title_margin_top_source":"","patiotime_single_page_custom_page_title_desktop_margin_top":"","patiotime_single_page_custom_page_title_tablet_margin_top":"","patiotime_single_page_custom_page_title_mobile_margin_top":"","patiotime_single_page_hide_page_title":"on","patiotime_single_page_header_section_size":"","patiotime_single_page_header_background_color":"","patiotime_single_page_header_background_position_x":"center","patiotime_single_page_header_background_position_y":"center","patiotime_single_page_header_background_size":"cover","patiotime_single_page_header_background_repeat":"off","patiotime_single_page_header_background_scroll":"on","patiotime_single_page_header_text_color":"","patiotime_single_page_header_show_breadcrumb":"","patiotime_single_page_site_footer_hide_main":"","patiotime_single_custom_site_footer_main_source":"","patiotime_single_custom_site_footer_main":"0","patiotime_single_page_site_footer_hide_above":"","patiotime_single_custom_site_footer_above_source":"","patiotime_single_custom_site_footer_above":"0","patiotime_single_page_site_footer_hide_instagram":"","patiotime_single_page_site_footer_hide_bottom":"","patiotime_single_custom_mobile_menu_source":"","patiotime_single_custom_mobile_menu":"0","patiotime_single_custom_mobile_menu_animation":"","patiotime_single_custom_mobile_menu_width":"","patiotime_single_custom_mobile_menu_custom_width":375,"footnotes":""},"class_list":["post-6559","page","type-page","status-publish","hentry"],"yoast_head":"<!-- This site is optimized with the Yoast SEO plugin v24.8.1 - https:\/\/yoast.com\/wordpress\/plugins\/seo\/ -->\n<title>Contactar - KUVO Restaurante<\/title>\n<meta name=\"robots\" content=\"index, follow, max-snippet:-1, max-image-preview:large, max-video-preview:-1\" \/>\n<link rel=\"canonical\" href=\"https:\/\/restaurantekuvo.com\/es\/contactar\/\" \/>\n<meta property=\"og:locale\" content=\"es_ES\" \/>\n<meta property=\"og:type\" content=\"article\" \/>\n<meta property=\"og:title\" content=\"Contactar - KUVO Restaurante\" \/>\n<meta property=\"og:description\" content=\"uBICACI\u00d3N D\u00f3nde encontrarnos Kuvo Restaurante est\u00e1 muy bien ubicado en Av. Andaluc\u00eda, 239, Estepona, M\u00e1laga, f\u00e1cilmente accesible desde la autopista, para que pueda disfrutar de una experiencia gastron\u00f3mica sin la molestia de conducir por el centro de la ciudad. Avenida Andaluc\u00eda, 239, 29680 Estepona (M\u00e1laga) +34 639019199 info@restaurantekuvo.com Reservar mesa\" \/>\n<meta property=\"og:url\" content=\"https:\/\/restaurantekuvo.com\/es\/contactar\/\" \/>\n<meta property=\"og:site_name\" content=\"KUVO Restaurante\" \/>\n<meta property=\"article:modified_time\" content=\"2025-03-31T15:17:49+00:00\" \/>\n<meta name=\"twitter:card\" content=\"summary_large_image\" \/>\n<meta name=\"twitter:label1\" content=\"Tiempo de lectura\" \/>\n\t<meta name=\"twitter:data1\" content=\"1 minuto\" \/>\n<script type=\"application\/ld+json\" class=\"yoast-schema-graph\">{\"@context\":\"https:\/\/schema.org\",\"@graph\":[{\"@type\":\"WebPage\",\"@id\":\"https:\/\/restaurantekuvo.com\/es\/contactar\/\",\"url\":\"https:\/\/restaurantekuvo.com\/es\/contactar\/\",\"name\":\"Contactar - KUVO Restaurante\",\"isPartOf\":{\"@id\":\"https:\/\/webkuvonuevo-lzukrs5v3g.live-website.com\/#website\"},\"datePublished\":\"2022-07-21T03:55:02+00:00\",\"dateModified\":\"2025-03-31T15:17:49+00:00\",\"breadcrumb\":{\"@id\":\"https:\/\/restaurantekuvo.com\/es\/contactar\/#breadcrumb\"},\"inLanguage\":\"es\",\"potentialAction\":[{\"@type\":\"ReadAction\",\"target\":[\"https:\/\/restaurantekuvo.com\/es\/contactar\/\"]}]},{\"@type\":\"BreadcrumbList\",\"@id\":\"https:\/\/restaurantekuvo.com\/es\/contactar\/#breadcrumb\",\"itemListElement\":[{\"@type\":\"ListItem\",\"position\":1,\"name\":\"Portada\",\"item\":\"https:\/\/restaurantekuvo.com\/es\/\"},{\"@type\":\"ListItem\",\"position\":2,\"name\":\"Contactar\"}]},{\"@type\":\"WebSite\",\"@id\":\"https:\/\/webkuvonuevo-lzukrs5v3g.live-website.com\/#website\",\"url\":\"https:\/\/webkuvonuevo-lzukrs5v3g.live-website.com\/\",\"name\":\"KUVO Restaurante\",\"description\":\"Restaurante de alta cocina en Estepona\",\"publisher\":{\"@id\":\"https:\/\/webkuvonuevo-lzukrs5v3g.live-website.com\/#organization\"},\"potentialAction\":[{\"@type\":\"SearchAction\",\"target\":{\"@type\":\"EntryPoint\",\"urlTemplate\":\"https:\/\/webkuvonuevo-lzukrs5v3g.live-website.com\/?s={search_term_string}\"},\"query-input\":{\"@type\":\"PropertyValueSpecification\",\"valueRequired\":true,\"valueName\":\"search_term_string\"}}],\"inLanguage\":\"es\"},{\"@type\":\"Organization\",\"@id\":\"https:\/\/webkuvonuevo-lzukrs5v3g.live-website.com\/#organization\",\"name\":\"KUVO Restaurante\",\"url\":\"https:\/\/webkuvonuevo-lzukrs5v3g.live-website.com\/\",\"logo\":{\"@type\":\"ImageObject\",\"inLanguage\":\"es\",\"@id\":\"https:\/\/webkuvonuevo-lzukrs5v3g.live-website.com\/#\/schema\/logo\/image\/\",\"url\":\"https:\/\/restaurantekuvo.com\/es\/wp-content\/uploads\/2025\/03\/Logo-Kuvo.png\",\"contentUrl\":\"https:\/\/restaurantekuvo.com\/es\/wp-content\/uploads\/2025\/03\/Logo-Kuvo.png\",\"width\":1417,\"height\":353,\"caption\":\"KUVO Restaurante\"},\"image\":{\"@id\":\"https:\/\/webkuvonuevo-lzukrs5v3g.live-website.com\/#\/schema\/logo\/image\/\"}}]}<\/script>\n<!-- \/ Yoast SEO plugin. -->","yoast_head_json":{"title":"Contactar - KUVO Restaurante","robots":{"index":"index","follow":"follow","max-snippet":"max-snippet:-1","max-image-preview":"max-image-preview:large","max-video-preview":"max-video-preview:-1"},"canonical":"https:\/\/restaurantekuvo.com\/es\/contactar\/","og_locale":"es_ES","og_type":"article","og_title":"Contactar - KUVO Restaurante","og_description":"uBICACI\u00d3N D\u00f3nde encontrarnos Kuvo Restaurante est\u00e1 muy bien ubicado en Av. Andaluc\u00eda, 239, Estepona, M\u00e1laga, f\u00e1cilmente accesible desde la autopista, para que pueda disfrutar de una experiencia gastron\u00f3mica sin la molestia de conducir por el centro de la ciudad. Avenida Andaluc\u00eda, 239, 29680 Estepona (M\u00e1laga) +34 639019199 info@restaurantekuvo.com Reservar mesa","og_url":"https:\/\/restaurantekuvo.com\/es\/contactar\/","og_site_name":"KUVO Restaurante","article_modified_time":"2025-03-31T15:17:49+00:00","twitter_card":"summary_large_image","twitter_misc":{"Tiempo de lectura":"1 minuto"},"schema":{"@context":"https:\/\/schema.org","@graph":[{"@type":"WebPage","@id":"https:\/\/restaurantekuvo.com\/es\/contactar\/","url":"https:\/\/restaurantekuvo.com\/es\/contactar\/","name":"Contactar - KUVO Restaurante","isPartOf":{"@id":"https:\/\/webkuvonuevo-lzukrs5v3g.live-website.com\/#website"},"datePublished":"2022-07-21T03:55:02+00:00","dateModified":"2025-03-31T15:17:49+00:00","breadcrumb":{"@id":"https:\/\/restaurantekuvo.com\/es\/contactar\/#breadcrumb"},"inLanguage":"es","potentialAction":[{"@type":"ReadAction","target":["https:\/\/restaurantekuvo.com\/es\/contactar\/"]}]},{"@type":"BreadcrumbList","@id":"https:\/\/restaurantekuvo.com\/es\/contactar\/#breadcrumb","itemListElement":[{"@type":"ListItem","position":1,"name":"Portada","item":"https:\/\/restaurantekuvo.com\/es\/"},{"@type":"ListItem","position":2,"name":"Contactar"}]},{"@type":"WebSite","@id":"https:\/\/webkuvonuevo-lzukrs5v3g.live-website.com\/#website","url":"https:\/\/webkuvonuevo-lzukrs5v3g.live-website.com\/","name":"KUVO Restaurante","description":"Restaurante de alta cocina en Estepona","publisher":{"@id":"https:\/\/webkuvonuevo-lzukrs5v3g.live-website.com\/#organization"},"potentialAction":[{"@type":"SearchAction","target":{"@type":"EntryPoint","urlTemplate":"https:\/\/webkuvonuevo-lzukrs5v3g.live-website.com\/?s={search_term_string}"},"query-input":{"@type":"PropertyValueSpecification","valueRequired":true,"valueName":"search_term_string"}}],"inLanguage":"es"},{"@type":"Organization","@id":"https:\/\/webkuvonuevo-lzukrs5v3g.live-website.com\/#organization","name":"KUVO Restaurante","url":"https:\/\/webkuvonuevo-lzukrs5v3g.live-website.com\/","logo":{"@type":"ImageObject","inLanguage":"es","@id":"https:\/\/webkuvonuevo-lzukrs5v3g.live-website.com\/#\/schema\/logo\/image\/","url":"https:\/\/restaurantekuvo.com\/es\/wp-content\/uploads\/2025\/03\/Logo-Kuvo.png","contentUrl":"https:\/\/restaurantekuvo.com\/es\/wp-content\/uploads\/2025\/03\/Logo-Kuvo.png","width":1417,"height":353,"caption":"KUVO Restaurante"},"image":{"@id":"https:\/\/webkuvonuevo-lzukrs5v3g.live-website.com\/#\/schema\/logo\/image\/"}}]}},"_links":{"self":[{"href":"https:\/\/restaurantekuvo.com\/es\/wp-json\/wp\/v2\/pages\/6559","targetHints":{"allow":["GET"]}}],"collection":[{"href":"https:\/\/restaurantekuvo.com\/es\/wp-json\/wp\/v2\/pages"}],"about":[{"href":"https:\/\/restaurantekuvo.com\/es\/wp-json\/wp\/v2\/types\/page"}],"author":[{"embeddable":true,"href":"https:\/\/restaurantekuvo.com\/es\/wp-json\/wp\/v2\/users\/1"}],"replies":[{"embeddable":true,"href":"https:\/\/restaurantekuvo.com\/es\/wp-json\/wp\/v2\/comments?post=6559"}],"version-history":[{"count":23,"href":"https:\/\/restaurantekuvo.com\/es\/wp-json\/wp\/v2\/pages\/6559\/revisions"}],"predecessor-version":[{"id":7004,"href":"https:\/\/restaurantekuvo.com\/es\/wp-json\/wp\/v2\/pages\/6559\/revisions\/7004"}],"wp:attachment":[{"href":"https:\/\/restaurantekuvo.com\/es\/wp-json\/wp\/v2\/media?parent=6559"}],"curies":[{"name":"wp","href":"https:\/\/api.w.org\/{rel}","templated":true}]}}