{"id":6557,"date":"2022-07-21T03:54:06","date_gmt":"2022-07-21T03:54:06","guid":{"rendered":"https:\/\/patiotime.loftocean.com\/demo9\/?page_id=15"},"modified":"2025-03-31T16:01:12","modified_gmt":"2025-03-31T16:01:12","slug":"legal-notice-and-terms-of-use","status":"publish","type":"page","link":"https:\/\/restaurantekuvo.com\/es\/legal-notice-and-terms-of-use\/","title":{"rendered":"Legal notice and terms of use"},"content":{"rendered":"\t\t<div data-elementor-type=\"wp-page\" data-elementor-id=\"6557\" class=\"elementor elementor-6557\">\n\t\t\t\t\t\t<section class=\"elementor-section elementor-top-section elementor-element elementor-element-f7a92a5 pt-section-content-fullwidth pt-parallax-on-scroll pt_scroll_y_180 elementor-section-boxed elementor-section-height-default elementor-section-height-default\" data-id=\"f7a92a5\" data-element_type=\"section\" data-settings=\"{&quot;background_background&quot;:&quot;classic&quot;}\" data-pt-parallax-y=\"180\">\n\t\t\t\t\t\t\t<div class=\"elementor-background-overlay\"><\/div>\n\t\t\t\t\t\t\t<div class=\"elementor-container elementor-column-gap-no\">\n\t\t\t\t\t<div class=\"elementor-column elementor-col-100 elementor-top-column elementor-element elementor-element-158590f\" data-id=\"158590f\" data-element_type=\"column\">\n\t\t\t<div class=\"elementor-widget-wrap elementor-element-populated\">\n\t\t\t\t\t\t<div class=\"elementor-element elementor-element-1e3aab5 elementor-widget__width-initial elementor-widget elementor-widget-pt_title\" data-id=\"1e3aab5\" data-element_type=\"widget\" data-widget_type=\"pt_title.default\">\n\t\t\t\t<div class=\"elementor-widget-container\">\n\t\t\t\t\t\n        <div class=\"pt-title-wrap text-center\">\t            <h1 class=\"pt-title color-white\">\n\t                AVISO LEGAL Y T\u00c9RMINOS DE USO\t            <\/h1>        <\/div>\t\t\t\t<\/div>\n\t\t\t\t<\/div>\n\t\t\t\t<div class=\"elementor-element elementor-element-4f1c43a elementor-widget elementor-widget-pt_title\" data-id=\"4f1c43a\" data-element_type=\"widget\" data-widget_type=\"pt_title.default\">\n\t\t\t\t<div class=\"elementor-widget-container\">\n\t\t\t\t\t\n        <div class=\"pt-title-wrap text-center\">\t            <div class=\"pt-title-text\">\n\t                <p>\u00a0<\/p><p><b>PROPIEDAD INTELECTUAL E INDUSTRIAL<br \/><\/b>El dise\u00f1o del portal y sus c\u00f3digos fuente, as\u00ed como los logos, marcas y dem\u00e1s signos distintivos que aparecen en el mismo pertenecen a Oscar Manso Aller, con domicilio en C\/ Alextebuna, 27, 29680 Estepona, con CIF 09781777S y mail de comunicaciones info@restaurantekuvo.com, en adelante \u201cel titular de la web\u201d, y est\u00e1n protegidos por los correspondientes derechos de propiedad intelectual e industrial.<br \/><br \/><strong>RESPONSABILIDAD DE LOS CONTENIDOS<\/strong><br \/>El titular de la web no se hace responsable de la legalidad de otros sitios web de terceros desde los que pueda accederse al portal. Tampoco responde por la legalidad de otros sitios web de terceros, que pudieran estar vinculados o enlazados desde este portal.<br \/>El titular de la web no ser\u00e1 responsable del uso que terceros hagan de la informaci\u00f3n publicada en el portal, ni tampoco de los da\u00f1os sufridos o p\u00e9rdidas econ\u00f3micas que, de forma directa o indirecta, produzcan o puedan producir perjuicios econ\u00f3micos, materiales o sobre datos, provocados por el uso de dicha informaci\u00f3n.<br \/><br \/><strong>REPRODUCCI\u00d3N DE CONTENIDOS<\/strong><br \/>En virtud de lo dispuesto en la Ley de Propiedad Intelectual quedan expresamente prohibidas la reproducci\u00f3n, la distribuci\u00f3n y la comunicaci\u00f3n p\u00fablica de la totalidad o parte de los contenidos de esta p\u00e1gina web, con fines comerciales en cualquier soporte, y por cualquier medio t\u00e9cnico, sin la autorizaci\u00f3n del titular de la web.<br \/><br \/><strong>LEY APLICABLE<\/strong><br \/>El titular de la web se reserva la facultad de presentar las acciones civiles o penales que considere necesaria por la utilizaci\u00f3n indebida del sitio Web y contenidos, o por el incumplimiento de las presentes condiciones.<br \/>La relaci\u00f3n entre el usuario y el titular de la web se regir\u00e1 por la normativa vigente y de aplicaci\u00f3n en el territorio nacional. De surgir cualquier controversia en relaci\u00f3n a la interpretaci\u00f3n y\/o a la aplicaci\u00f3n de estas condiciones, las partes someter\u00e1n los conflictos a la jurisdicci\u00f3n ordinaria, someti\u00e9ndose a los Jueces y Tribunales que correspondan conforme a Derecho.<br \/>As\u00ed mismo le informamos que dispone de un procedimiento de resoluci\u00f3n extrajudicial de controversias gratuito y accesible a todos los ciudadanos, se trata de la plataforma de resoluci\u00f3n de litigios en l\u00ednea de la Uni\u00f3n Europea, accesible a trav\u00e9s del siguiente enlace: https:\/\/ec.europa.eu\/consumers\/odr\/main\/?event=main.home2.show.<br \/><br \/><strong>COOKIES<\/strong><br \/>En el caso de emplear tecnolog\u00eda \u201ccookie\u201d en la web, dispone de un apartado concreto que le informa sobre su existencia as\u00ed como de su pol\u00edtica de uso. Consulte el apartado \u201cpol\u00edtica de cookies\u201d. En caso contrario, no se emplean cookies de navegaci\u00f3n.<br \/><br \/><strong>DATOS PERSONALES DE MENORES<\/strong><br \/>Esta p\u00e1gina web no est\u00e1 dirigida a usuarios menores de edad. Si usted es menor de edad, por favor no intente registrarse como usuario. Si descubrimos que por error hemos obtenido informaci\u00f3n personal de un menor, eliminaremos dicha informaci\u00f3n lo antes posible.<\/p><p><strong>EJERCICIO DE LOS DERECHOS DE PROTECCI\u00d3N DE DATOS<\/strong><br \/>De acuerdo con los derechos que confiere la normativa vigente en materia de protecci\u00f3n de datos de car\u00e1cter personal, el usuario podr\u00e1 ejercer los derechos de acceso, rectificaci\u00f3n, limitaci\u00f3n de tratamiento, supresi\u00f3n, portabilidad y oposici\u00f3n al tratamiento de sus datos dirigiendo su petici\u00f3n a la direcci\u00f3n postal indicada o al correo electr\u00f3nico grupolbacomunicacion@gmail.com.<br \/>Para el ejercicio de los derechos deber\u00e1 identificarse mediante la presentaci\u00f3n de su DNI.<br \/>Para cualquier reclamaci\u00f3n puede dirigirse al mismo correo indicado. Igualmente podr\u00e1 dirigirse a la Agencia Espa\u00f1ola de Protecci\u00f3n de Datos: www.aepd.es<\/p>\t            <\/div>        <\/div>\t\t\t\t<\/div>\n\t\t\t\t<\/div>\n\t\t\t\t\t<\/div>\n\t\t<\/div>\n\t\t\t\t\t<\/div>\n\t\t<\/section>\n\t\t\t\t<\/div>\n\t\t","protected":false},"excerpt":{"rendered":"<p>AVISO LEGAL Y T\u00c9RMINOS DE USO \u00a0 PROPIEDAD INTELECTUAL E INDUSTRIALEl dise\u00f1o del portal y sus c\u00f3digos fuente, as\u00ed como los logos, marcas y dem\u00e1s signos distintivos que aparecen en el mismo pertenecen a Oscar Manso Aller, con domicilio en C\/ Alextebuna, 27, 29680 Estepona, con CIF 09781777S y mail de comunicaciones info@restaurantekuvo.com, en adelante &#8230;<\/p>\n","protected":false},"author":1,"featured_media":0,"parent":0,"menu_order":0,"comment_status":"closed","ping_status":"closed","template":"template-wide-content.php","meta":{"patiotime_single_page_hide_site_header":"","patiotime_single_page_site_header_source":"","patiotime_single_page_custom_site_header":"0","patiotime_single_page_custom_sticky_site_header":"0","patiotime_single_page_custom_page_title_margin_top_source":"","patiotime_single_page_custom_page_title_desktop_margin_top":"","patiotime_single_page_custom_page_title_tablet_margin_top":"","patiotime_single_page_custom_page_title_mobile_margin_top":"","patiotime_single_page_hide_page_title":"on","patiotime_single_page_header_section_size":"","patiotime_single_page_header_background_color":"","patiotime_single_page_header_background_position_x":"center","patiotime_single_page_header_background_position_y":"center","patiotime_single_page_header_background_size":"cover","patiotime_single_page_header_background_repeat":"off","patiotime_single_page_header_background_scroll":"on","patiotime_single_page_header_text_color":"","patiotime_single_page_header_show_breadcrumb":"","patiotime_single_page_site_footer_hide_main":"","patiotime_single_custom_site_footer_main_source":"","patiotime_single_custom_site_footer_main":"0","patiotime_single_page_site_footer_hide_above":"","patiotime_single_custom_site_footer_above_source":"","patiotime_single_custom_site_footer_above":"0","patiotime_single_page_site_footer_hide_instagram":"","patiotime_single_page_site_footer_hide_bottom":"","patiotime_single_custom_mobile_menu_source":"","patiotime_single_custom_mobile_menu":"0","patiotime_single_custom_mobile_menu_animation":"","patiotime_single_custom_mobile_menu_width":"","patiotime_single_custom_mobile_menu_custom_width":375,"footnotes":""},"class_list":["post-6557","page","type-page","status-publish","hentry"],"yoast_head":"<!-- This site is optimized with the Yoast SEO plugin v24.8.1 - https:\/\/yoast.com\/wordpress\/plugins\/seo\/ -->\n<title>Legal notice and terms of use - KUVO Restaurante<\/title>\n<meta name=\"robots\" content=\"index, follow, max-snippet:-1, max-image-preview:large, max-video-preview:-1\" \/>\n<link rel=\"canonical\" href=\"https:\/\/restaurantekuvo.com\/es\/legal-notice-and-terms-of-use\/\" \/>\n<meta property=\"og:locale\" content=\"es_ES\" \/>\n<meta property=\"og:type\" content=\"article\" \/>\n<meta property=\"og:title\" content=\"Legal notice and terms of use - KUVO Restaurante\" \/>\n<meta property=\"og:description\" content=\"AVISO LEGAL Y T\u00c9RMINOS DE USO \u00a0 PROPIEDAD INTELECTUAL E INDUSTRIALEl dise\u00f1o del portal y sus c\u00f3digos fuente, as\u00ed como los logos, marcas y dem\u00e1s signos distintivos que aparecen en el mismo pertenecen a Oscar Manso Aller, con domicilio en C\/ Alextebuna, 27, 29680 Estepona, con CIF 09781777S y mail de comunicaciones info@restaurantekuvo.com, en adelante ...\" \/>\n<meta property=\"og:url\" content=\"https:\/\/restaurantekuvo.com\/es\/legal-notice-and-terms-of-use\/\" \/>\n<meta property=\"og:site_name\" content=\"KUVO Restaurante\" \/>\n<meta property=\"article:modified_time\" content=\"2025-03-31T16:01:12+00:00\" \/>\n<meta name=\"twitter:card\" content=\"summary_large_image\" \/>\n<meta name=\"twitter:label1\" content=\"Tiempo de lectura\" \/>\n\t<meta name=\"twitter:data1\" content=\"3 minutos\" \/>\n<script type=\"application\/ld+json\" class=\"yoast-schema-graph\">{\"@context\":\"https:\/\/schema.org\",\"@graph\":[{\"@type\":\"WebPage\",\"@id\":\"https:\/\/restaurantekuvo.com\/es\/legal-notice-and-terms-of-use\/\",\"url\":\"https:\/\/restaurantekuvo.com\/es\/legal-notice-and-terms-of-use\/\",\"name\":\"Legal notice and terms of use - KUVO Restaurante\",\"isPartOf\":{\"@id\":\"https:\/\/webkuvonuevo-lzukrs5v3g.live-website.com\/#website\"},\"datePublished\":\"2022-07-21T03:54:06+00:00\",\"dateModified\":\"2025-03-31T16:01:12+00:00\",\"breadcrumb\":{\"@id\":\"https:\/\/restaurantekuvo.com\/es\/legal-notice-and-terms-of-use\/#breadcrumb\"},\"inLanguage\":\"es\",\"potentialAction\":[{\"@type\":\"ReadAction\",\"target\":[\"https:\/\/restaurantekuvo.com\/es\/legal-notice-and-terms-of-use\/\"]}]},{\"@type\":\"BreadcrumbList\",\"@id\":\"https:\/\/restaurantekuvo.com\/es\/legal-notice-and-terms-of-use\/#breadcrumb\",\"itemListElement\":[{\"@type\":\"ListItem\",\"position\":1,\"name\":\"Portada\",\"item\":\"https:\/\/restaurantekuvo.com\/es\/\"},{\"@type\":\"ListItem\",\"position\":2,\"name\":\"Legal notice and terms of use\"}]},{\"@type\":\"WebSite\",\"@id\":\"https:\/\/webkuvonuevo-lzukrs5v3g.live-website.com\/#website\",\"url\":\"https:\/\/webkuvonuevo-lzukrs5v3g.live-website.com\/\",\"name\":\"KUVO Restaurante\",\"description\":\"Restaurante de alta cocina en Estepona\",\"publisher\":{\"@id\":\"https:\/\/webkuvonuevo-lzukrs5v3g.live-website.com\/#organization\"},\"potentialAction\":[{\"@type\":\"SearchAction\",\"target\":{\"@type\":\"EntryPoint\",\"urlTemplate\":\"https:\/\/webkuvonuevo-lzukrs5v3g.live-website.com\/?s={search_term_string}\"},\"query-input\":{\"@type\":\"PropertyValueSpecification\",\"valueRequired\":true,\"valueName\":\"search_term_string\"}}],\"inLanguage\":\"es\"},{\"@type\":\"Organization\",\"@id\":\"https:\/\/webkuvonuevo-lzukrs5v3g.live-website.com\/#organization\",\"name\":\"KUVO Restaurante\",\"url\":\"https:\/\/webkuvonuevo-lzukrs5v3g.live-website.com\/\",\"logo\":{\"@type\":\"ImageObject\",\"inLanguage\":\"es\",\"@id\":\"https:\/\/webkuvonuevo-lzukrs5v3g.live-website.com\/#\/schema\/logo\/image\/\",\"url\":\"https:\/\/restaurantekuvo.com\/es\/wp-content\/uploads\/2025\/03\/Logo-Kuvo.png\",\"contentUrl\":\"https:\/\/restaurantekuvo.com\/es\/wp-content\/uploads\/2025\/03\/Logo-Kuvo.png\",\"width\":1417,\"height\":353,\"caption\":\"KUVO Restaurante\"},\"image\":{\"@id\":\"https:\/\/webkuvonuevo-lzukrs5v3g.live-website.com\/#\/schema\/logo\/image\/\"}}]}<\/script>\n<!-- \/ Yoast SEO plugin. -->","yoast_head_json":{"title":"Legal notice and terms of use - KUVO Restaurante","robots":{"index":"index","follow":"follow","max-snippet":"max-snippet:-1","max-image-preview":"max-image-preview:large","max-video-preview":"max-video-preview:-1"},"canonical":"https:\/\/restaurantekuvo.com\/es\/legal-notice-and-terms-of-use\/","og_locale":"es_ES","og_type":"article","og_title":"Legal notice and terms of use - KUVO Restaurante","og_description":"AVISO LEGAL Y T\u00c9RMINOS DE USO \u00a0 PROPIEDAD INTELECTUAL E INDUSTRIALEl dise\u00f1o del portal y sus c\u00f3digos fuente, as\u00ed como los logos, marcas y dem\u00e1s signos distintivos que aparecen en el mismo pertenecen a Oscar Manso Aller, con domicilio en C\/ Alextebuna, 27, 29680 Estepona, con CIF 09781777S y mail de comunicaciones info@restaurantekuvo.com, en adelante ...","og_url":"https:\/\/restaurantekuvo.com\/es\/legal-notice-and-terms-of-use\/","og_site_name":"KUVO Restaurante","article_modified_time":"2025-03-31T16:01:12+00:00","twitter_card":"summary_large_image","twitter_misc":{"Tiempo de lectura":"3 minutos"},"schema":{"@context":"https:\/\/schema.org","@graph":[{"@type":"WebPage","@id":"https:\/\/restaurantekuvo.com\/es\/legal-notice-and-terms-of-use\/","url":"https:\/\/restaurantekuvo.com\/es\/legal-notice-and-terms-of-use\/","name":"Legal notice and terms of use - KUVO Restaurante","isPartOf":{"@id":"https:\/\/webkuvonuevo-lzukrs5v3g.live-website.com\/#website"},"datePublished":"2022-07-21T03:54:06+00:00","dateModified":"2025-03-31T16:01:12+00:00","breadcrumb":{"@id":"https:\/\/restaurantekuvo.com\/es\/legal-notice-and-terms-of-use\/#breadcrumb"},"inLanguage":"es","potentialAction":[{"@type":"ReadAction","target":["https:\/\/restaurantekuvo.com\/es\/legal-notice-and-terms-of-use\/"]}]},{"@type":"BreadcrumbList","@id":"https:\/\/restaurantekuvo.com\/es\/legal-notice-and-terms-of-use\/#breadcrumb","itemListElement":[{"@type":"ListItem","position":1,"name":"Portada","item":"https:\/\/restaurantekuvo.com\/es\/"},{"@type":"ListItem","position":2,"name":"Legal notice and terms of use"}]},{"@type":"WebSite","@id":"https:\/\/webkuvonuevo-lzukrs5v3g.live-website.com\/#website","url":"https:\/\/webkuvonuevo-lzukrs5v3g.live-website.com\/","name":"KUVO Restaurante","description":"Restaurante de alta cocina en Estepona","publisher":{"@id":"https:\/\/webkuvonuevo-lzukrs5v3g.live-website.com\/#organization"},"potentialAction":[{"@type":"SearchAction","target":{"@type":"EntryPoint","urlTemplate":"https:\/\/webkuvonuevo-lzukrs5v3g.live-website.com\/?s={search_term_string}"},"query-input":{"@type":"PropertyValueSpecification","valueRequired":true,"valueName":"search_term_string"}}],"inLanguage":"es"},{"@type":"Organization","@id":"https:\/\/webkuvonuevo-lzukrs5v3g.live-website.com\/#organization","name":"KUVO Restaurante","url":"https:\/\/webkuvonuevo-lzukrs5v3g.live-website.com\/","logo":{"@type":"ImageObject","inLanguage":"es","@id":"https:\/\/webkuvonuevo-lzukrs5v3g.live-website.com\/#\/schema\/logo\/image\/","url":"https:\/\/restaurantekuvo.com\/es\/wp-content\/uploads\/2025\/03\/Logo-Kuvo.png","contentUrl":"https:\/\/restaurantekuvo.com\/es\/wp-content\/uploads\/2025\/03\/Logo-Kuvo.png","width":1417,"height":353,"caption":"KUVO Restaurante"},"image":{"@id":"https:\/\/webkuvonuevo-lzukrs5v3g.live-website.com\/#\/schema\/logo\/image\/"}}]}},"_links":{"self":[{"href":"https:\/\/restaurantekuvo.com\/es\/wp-json\/wp\/v2\/pages\/6557","targetHints":{"allow":["GET"]}}],"collection":[{"href":"https:\/\/restaurantekuvo.com\/es\/wp-json\/wp\/v2\/pages"}],"about":[{"href":"https:\/\/restaurantekuvo.com\/es\/wp-json\/wp\/v2\/types\/page"}],"author":[{"embeddable":true,"href":"https:\/\/restaurantekuvo.com\/es\/wp-json\/wp\/v2\/users\/1"}],"replies":[{"embeddable":true,"href":"https:\/\/restaurantekuvo.com\/es\/wp-json\/wp\/v2\/comments?post=6557"}],"version-history":[{"count":11,"href":"https:\/\/restaurantekuvo.com\/es\/wp-json\/wp\/v2\/pages\/6557\/revisions"}],"predecessor-version":[{"id":7021,"href":"https:\/\/restaurantekuvo.com\/es\/wp-json\/wp\/v2\/pages\/6557\/revisions\/7021"}],"wp:attachment":[{"href":"https:\/\/restaurantekuvo.com\/es\/wp-json\/wp\/v2\/media?parent=6557"}],"curies":[{"name":"wp","href":"https:\/\/api.w.org\/{rel}","templated":true}]}}