{"id":4890,"date":"2022-04-05T13:54:29","date_gmt":"2022-04-05T13:54:29","guid":{"rendered":"https:\/\/patiotime.loftocean.com\/demo2\/?page_id=4890"},"modified":"2025-04-02T15:44:07","modified_gmt":"2025-04-02T15:44:07","slug":"nuestra-historia","status":"publish","type":"page","link":"https:\/\/restaurantekuvo.com\/es\/nuestra-historia\/","title":{"rendered":"Nuestra historia"},"content":{"rendered":"\t\t<div data-elementor-type=\"wp-page\" data-elementor-id=\"4890\" class=\"elementor elementor-4890\">\n\t\t\t\t\t\t<section class=\"elementor-section elementor-top-section elementor-element elementor-element-4d32641e pt-section-content-fullwidth pt_scroll_y_120 pt-parallax-on-scroll elementor-section-boxed elementor-section-height-default elementor-section-height-default\" data-id=\"4d32641e\" data-element_type=\"section\" data-settings=\"{&quot;background_background&quot;:&quot;classic&quot;}\" data-pt-parallax-y=\"120\" style=\"background-image: none;\" data-pt-background-image=\"https:\/\/restaurantekuvo.com\/es\/wp-content\/uploads\/2025\/03\/fondo-our-story2.jpg\">\n\t\t\t\t\t\t\t<div class=\"elementor-background-overlay\"><\/div>\n\t\t\t\t\t\t\t<div class=\"elementor-container elementor-column-gap-no\">\n\t\t\t\t\t<div class=\"elementor-column elementor-col-100 elementor-top-column elementor-element elementor-element-156f2740 dark-color\" data-id=\"156f2740\" data-element_type=\"column\">\n\t\t\t<div class=\"elementor-widget-wrap elementor-element-populated\">\n\t\t\t\t\t\t<div class=\"elementor-element elementor-element-61378f01 elementor-widget elementor-widget-pt_title\" data-id=\"61378f01\" data-element_type=\"widget\" data-widget_type=\"pt_title.default\">\n\t\t\t\t<div class=\"elementor-widget-container\">\n\t\t\t\t\t\n        <div class=\"pt-title-wrap text-center\">\t            <div class=\"pt-subtitle-wrap\"><span class=\"pt-subtitle color-white style-bordered\">La historia detr\u00e1s de<\/span><\/div>\t            <h1 class=\"pt-title\">\n\t                \u00f3scar &amp; pilar\t            <\/h1>        <\/div>\t\t\t\t<\/div>\n\t\t\t\t<\/div>\n\t\t\t\t\t<\/div>\n\t\t<\/div>\n\t\t\t\t\t<\/div>\n\t\t<\/section>\n\t\t\t\t<section class=\"elementor-section elementor-top-section elementor-element elementor-element-cf1b43a elementor-section-boxed elementor-section-height-default elementor-section-height-default\" data-id=\"cf1b43a\" data-element_type=\"section\" data-settings=\"{&quot;background_background&quot;:&quot;classic&quot;}\">\n\t\t\t\t\t\t<div class=\"elementor-container elementor-column-gap-no\">\n\t\t\t\t\t<div class=\"elementor-column elementor-col-100 elementor-top-column elementor-element elementor-element-4b4a6e69\" data-id=\"4b4a6e69\" data-element_type=\"column\">\n\t\t\t<div class=\"elementor-widget-wrap elementor-element-populated\">\n\t\t\t\t\t\t<div class=\"elementor-element elementor-element-3c16146a elementor-widget elementor-widget-pt_title\" data-id=\"3c16146a\" data-element_type=\"widget\" data-widget_type=\"pt_title.default\">\n\t\t\t\t<div class=\"elementor-widget-container\">\n\t\t\t\t\t\n        <div class=\"pt-title-wrap\">\t            <div class=\"pt-subtitle-wrap\"><span class=\"pt-subtitle style-bordered\">Restaurante kuvo<\/span><\/div>\t            <h5 class=\"pt-title\">\n\t                Un viaje de crecimiento \t            <\/h5>\t            <div class=\"pt-title-text\">\n\t                <p>\u00d3scar y Pilar comenzaron su andadura empresarial en 2008, despu\u00e9s de recorrer mucho mundo, y crearon un bar de tapas muy peque\u00f1o, \u201cEl Toque\u201d, que con los a\u00f1os fueron puliendo hasta convertirlo en un referente de la gastronom\u00eda en Estepona.<\/p><p>Hubo un tiempo en que, al pasear junto a la Iglesia del Carmen, era imposible no detenerse ante la estampa inconfundible de El Toque: mesas llenas, risas compartidas y ese aroma inconfundible de cocina bien hecha. Sus patatas bravas, sus tostas y sus pinchos conquistaron durante a\u00f1os a esteponeros y visitantes, convirti\u00e9ndolo en un referente gastron\u00f3mico de la ciudad.<\/p><p>Pero todo ciclo tiene su final. En octubre de 2022, el famoso Toque cerr\u00f3 sus puertas, dejando un hueco en el coraz\u00f3n \u2013y el est\u00f3mago\u2013 de muchos. Todav\u00eda hay quien, por costumbre, llama para reservar sin saber que este rinc\u00f3n tan querido ya no est\u00e1 en funcionamiento. Sus propietarios emprendieron dos meses despu\u00e9s un nuevo camino en la Av. Andaluc\u00eda, 239, cambiando totalmente el formato y dirigiendo un restaurante a la carta,<a href=\"https:\/\/www.restaurantekuvo.com\/\"> <b>Kuvo<\/b><\/a>, que ofrece una experiencia gastron\u00f3mica totalmente diferente.<\/p><p>En Kuvo nos encontramos una oferta m\u00e1s depurada e interesante, con un men\u00fa degustaci\u00f3n de 13 pases, con opci\u00f3n de maridaje, con elaboraciones como la berenjena asada con bogavante y vinagreta de yuzu y miso, el steak tartar, la corvina salvaje o el solomillo. Un men\u00fa degustaci\u00f3n donde los platos van cambiando a lo largo del mes en curso, lo que convierte esta experiencia gastron\u00f3mica en toda una sorpresa.<\/p>\t            <\/div>        <\/div>\t\t\t\t<\/div>\n\t\t\t\t<\/div>\n\t\t\t\t\t<\/div>\n\t\t<\/div>\n\t\t\t\t\t<\/div>\n\t\t<\/section>\n\t\t\t\t<section class=\"elementor-section elementor-top-section elementor-element elementor-element-24c9d247 elementor-section-full_width elementor-section-height-default elementor-section-height-default\" data-id=\"24c9d247\" data-element_type=\"section\">\n\t\t\t\t\t\t<div class=\"elementor-container elementor-column-gap-no\">\n\t\t\t\t\t<div class=\"elementor-column elementor-col-100 elementor-top-column elementor-element elementor-element-77feecbe\" data-id=\"77feecbe\" data-element_type=\"column\">\n\t\t\t<div class=\"elementor-widget-wrap elementor-element-populated\">\n\t\t\t\t\t\t<div class=\"elementor-element elementor-element-172bf2e6 elementor-widget elementor-widget-pt_instagram\" data-id=\"172bf2e6\" data-element_type=\"widget\" data-widget_type=\"pt_instagram.default\">\n\t\t\t\t<div class=\"elementor-widget-container\">\n\t\t\t\t\t\n        <div class=\"pt-instagram column-mosaic small-gap\">\t                <ul>\t                        <li><div class=\"feed-bg\" style=\"background-image:url(https:\/\/restaurantekuvo.com\/es\/wp-content\/uploads\/2025\/03\/475745850_604752342276651_8631989811185185274_n-1.jpg);\"><\/div><\/li>\t                        <li><div class=\"feed-bg\" style=\"background-image:url(https:\/\/restaurantekuvo.com\/es\/wp-content\/uploads\/2025\/03\/475678580_604770388941513_507291318182202841_n.jpg);\"><\/div><\/li>\t                        <li><div class=\"feed-bg\" style=\"background-image:url(https:\/\/restaurantekuvo.com\/es\/wp-content\/uploads\/2025\/03\/480819311_624500953635123_9148377706396461087_n.jpg);\"><\/div><\/li>\t                        <li><div class=\"feed-bg\" style=\"background-image:url(https:\/\/restaurantekuvo.com\/es\/wp-content\/uploads\/2025\/03\/20250328_122115b.jpg);\"><\/div><\/li>\t                        <li><div class=\"feed-bg\" style=\"background-image:url(https:\/\/restaurantekuvo.com\/es\/wp-content\/uploads\/2025\/03\/482247839_634301962655022_3572369939586413507_n-1.jpg);\"><\/div><\/li>\t                        <li><div class=\"feed-bg\" style=\"background-image:url(https:\/\/restaurantekuvo.com\/es\/wp-content\/uploads\/2025\/03\/476208930_609890701762815_5671960322975000498_n.jpg);\"><\/div><\/li>\t                <\/ul>        <\/div>\t\t\t\t<\/div>\n\t\t\t\t<\/div>\n\t\t\t\t\t<\/div>\n\t\t<\/div>\n\t\t\t\t\t<\/div>\n\t\t<\/section>\n\t\t\t\t<\/div>\n\t\t","protected":false},"excerpt":{"rendered":"<p>La historia detr\u00e1s de \u00f3scar &amp; pilar Restaurante kuvo Un viaje de crecimiento \u00d3scar y Pilar comenzaron su andadura empresarial en 2008, despu\u00e9s de recorrer mucho mundo, y crearon un bar de tapas muy peque\u00f1o, \u201cEl Toque\u201d, que con los a\u00f1os fueron puliendo hasta convertirlo en un referente de la gastronom\u00eda en Estepona. Hubo un &#8230;<\/p>\n","protected":false},"author":1,"featured_media":0,"parent":0,"menu_order":0,"comment_status":"closed","ping_status":"closed","template":"template-wide-content.php","meta":{"patiotime_single_page_hide_site_header":"","patiotime_single_page_site_header_source":"","patiotime_single_page_custom_site_header":"0","patiotime_single_page_custom_sticky_site_header":"0","patiotime_single_page_custom_page_title_margin_top_source":"","patiotime_single_page_custom_page_title_desktop_margin_top":"","patiotime_single_page_custom_page_title_tablet_margin_top":"","patiotime_single_page_custom_page_title_mobile_margin_top":"","patiotime_single_page_hide_page_title":"on","patiotime_single_page_header_section_size":"","patiotime_single_page_header_background_color":"","patiotime_single_page_header_background_position_x":"center","patiotime_single_page_header_background_position_y":"center","patiotime_single_page_header_background_size":"cover","patiotime_single_page_header_background_repeat":"off","patiotime_single_page_header_background_scroll":"on","patiotime_single_page_header_text_color":"","patiotime_single_page_header_show_breadcrumb":"","patiotime_single_page_site_footer_hide_main":"","patiotime_single_custom_site_footer_main_source":"","patiotime_single_custom_site_footer_main":"0","patiotime_single_page_site_footer_hide_above":"","patiotime_single_custom_site_footer_above_source":"","patiotime_single_custom_site_footer_above":"0","patiotime_single_page_site_footer_hide_instagram":"","patiotime_single_page_site_footer_hide_bottom":"","patiotime_single_custom_mobile_menu_source":"","patiotime_single_custom_mobile_menu":"0","patiotime_single_custom_mobile_menu_animation":"","patiotime_single_custom_mobile_menu_width":"","patiotime_single_custom_mobile_menu_custom_width":375,"footnotes":""},"class_list":["post-4890","page","type-page","status-publish","hentry"],"yoast_head":"<!-- This site is optimized with the Yoast SEO plugin v24.8.1 - https:\/\/yoast.com\/wordpress\/plugins\/seo\/ -->\n<title>Nuestra historia - KUVO Restaurante<\/title>\n<meta name=\"robots\" content=\"index, follow, max-snippet:-1, max-image-preview:large, max-video-preview:-1\" \/>\n<link rel=\"canonical\" href=\"https:\/\/restaurantekuvo.com\/es\/nuestra-historia\/\" \/>\n<meta property=\"og:locale\" content=\"es_ES\" \/>\n<meta property=\"og:type\" content=\"article\" \/>\n<meta property=\"og:title\" content=\"Nuestra historia - KUVO Restaurante\" \/>\n<meta property=\"og:description\" content=\"La historia detr\u00e1s de \u00f3scar &amp; pilar Restaurante kuvo Un viaje de crecimiento \u00d3scar y Pilar comenzaron su andadura empresarial en 2008, despu\u00e9s de recorrer mucho mundo, y crearon un bar de tapas muy peque\u00f1o, \u201cEl Toque\u201d, que con los a\u00f1os fueron puliendo hasta convertirlo en un referente de la gastronom\u00eda en Estepona. Hubo un ...\" \/>\n<meta property=\"og:url\" content=\"https:\/\/restaurantekuvo.com\/es\/nuestra-historia\/\" \/>\n<meta property=\"og:site_name\" content=\"KUVO Restaurante\" \/>\n<meta property=\"article:modified_time\" content=\"2025-04-02T15:44:07+00:00\" \/>\n<meta name=\"twitter:card\" content=\"summary_large_image\" \/>\n<meta name=\"twitter:label1\" content=\"Tiempo de lectura\" \/>\n\t<meta name=\"twitter:data1\" content=\"2 minutos\" \/>\n<script type=\"application\/ld+json\" class=\"yoast-schema-graph\">{\"@context\":\"https:\/\/schema.org\",\"@graph\":[{\"@type\":\"WebPage\",\"@id\":\"https:\/\/restaurantekuvo.com\/es\/nuestra-historia\/\",\"url\":\"https:\/\/restaurantekuvo.com\/es\/nuestra-historia\/\",\"name\":\"Nuestra historia - KUVO Restaurante\",\"isPartOf\":{\"@id\":\"https:\/\/webkuvonuevo-lzukrs5v3g.live-website.com\/#website\"},\"datePublished\":\"2022-04-05T13:54:29+00:00\",\"dateModified\":\"2025-04-02T15:44:07+00:00\",\"breadcrumb\":{\"@id\":\"https:\/\/restaurantekuvo.com\/es\/nuestra-historia\/#breadcrumb\"},\"inLanguage\":\"es\",\"potentialAction\":[{\"@type\":\"ReadAction\",\"target\":[\"https:\/\/restaurantekuvo.com\/es\/nuestra-historia\/\"]}]},{\"@type\":\"BreadcrumbList\",\"@id\":\"https:\/\/restaurantekuvo.com\/es\/nuestra-historia\/#breadcrumb\",\"itemListElement\":[{\"@type\":\"ListItem\",\"position\":1,\"name\":\"Portada\",\"item\":\"https:\/\/restaurantekuvo.com\/es\/\"},{\"@type\":\"ListItem\",\"position\":2,\"name\":\"Nuestra historia\"}]},{\"@type\":\"WebSite\",\"@id\":\"https:\/\/webkuvonuevo-lzukrs5v3g.live-website.com\/#website\",\"url\":\"https:\/\/webkuvonuevo-lzukrs5v3g.live-website.com\/\",\"name\":\"KUVO Restaurante\",\"description\":\"Restaurante de alta cocina en Estepona\",\"publisher\":{\"@id\":\"https:\/\/webkuvonuevo-lzukrs5v3g.live-website.com\/#organization\"},\"potentialAction\":[{\"@type\":\"SearchAction\",\"target\":{\"@type\":\"EntryPoint\",\"urlTemplate\":\"https:\/\/webkuvonuevo-lzukrs5v3g.live-website.com\/?s={search_term_string}\"},\"query-input\":{\"@type\":\"PropertyValueSpecification\",\"valueRequired\":true,\"valueName\":\"search_term_string\"}}],\"inLanguage\":\"es\"},{\"@type\":\"Organization\",\"@id\":\"https:\/\/webkuvonuevo-lzukrs5v3g.live-website.com\/#organization\",\"name\":\"KUVO Restaurante\",\"url\":\"https:\/\/webkuvonuevo-lzukrs5v3g.live-website.com\/\",\"logo\":{\"@type\":\"ImageObject\",\"inLanguage\":\"es\",\"@id\":\"https:\/\/webkuvonuevo-lzukrs5v3g.live-website.com\/#\/schema\/logo\/image\/\",\"url\":\"https:\/\/restaurantekuvo.com\/es\/wp-content\/uploads\/2025\/03\/Logo-Kuvo.png\",\"contentUrl\":\"https:\/\/restaurantekuvo.com\/es\/wp-content\/uploads\/2025\/03\/Logo-Kuvo.png\",\"width\":1417,\"height\":353,\"caption\":\"KUVO Restaurante\"},\"image\":{\"@id\":\"https:\/\/webkuvonuevo-lzukrs5v3g.live-website.com\/#\/schema\/logo\/image\/\"}}]}<\/script>\n<!-- \/ Yoast SEO plugin. -->","yoast_head_json":{"title":"Nuestra historia - KUVO Restaurante","robots":{"index":"index","follow":"follow","max-snippet":"max-snippet:-1","max-image-preview":"max-image-preview:large","max-video-preview":"max-video-preview:-1"},"canonical":"https:\/\/restaurantekuvo.com\/es\/nuestra-historia\/","og_locale":"es_ES","og_type":"article","og_title":"Nuestra historia - KUVO Restaurante","og_description":"La historia detr\u00e1s de \u00f3scar &amp; pilar Restaurante kuvo Un viaje de crecimiento \u00d3scar y Pilar comenzaron su andadura empresarial en 2008, despu\u00e9s de recorrer mucho mundo, y crearon un bar de tapas muy peque\u00f1o, \u201cEl Toque\u201d, que con los a\u00f1os fueron puliendo hasta convertirlo en un referente de la gastronom\u00eda en Estepona. Hubo un ...","og_url":"https:\/\/restaurantekuvo.com\/es\/nuestra-historia\/","og_site_name":"KUVO Restaurante","article_modified_time":"2025-04-02T15:44:07+00:00","twitter_card":"summary_large_image","twitter_misc":{"Tiempo de lectura":"2 minutos"},"schema":{"@context":"https:\/\/schema.org","@graph":[{"@type":"WebPage","@id":"https:\/\/restaurantekuvo.com\/es\/nuestra-historia\/","url":"https:\/\/restaurantekuvo.com\/es\/nuestra-historia\/","name":"Nuestra historia - KUVO Restaurante","isPartOf":{"@id":"https:\/\/webkuvonuevo-lzukrs5v3g.live-website.com\/#website"},"datePublished":"2022-04-05T13:54:29+00:00","dateModified":"2025-04-02T15:44:07+00:00","breadcrumb":{"@id":"https:\/\/restaurantekuvo.com\/es\/nuestra-historia\/#breadcrumb"},"inLanguage":"es","potentialAction":[{"@type":"ReadAction","target":["https:\/\/restaurantekuvo.com\/es\/nuestra-historia\/"]}]},{"@type":"BreadcrumbList","@id":"https:\/\/restaurantekuvo.com\/es\/nuestra-historia\/#breadcrumb","itemListElement":[{"@type":"ListItem","position":1,"name":"Portada","item":"https:\/\/restaurantekuvo.com\/es\/"},{"@type":"ListItem","position":2,"name":"Nuestra historia"}]},{"@type":"WebSite","@id":"https:\/\/webkuvonuevo-lzukrs5v3g.live-website.com\/#website","url":"https:\/\/webkuvonuevo-lzukrs5v3g.live-website.com\/","name":"KUVO Restaurante","description":"Restaurante de alta cocina en Estepona","publisher":{"@id":"https:\/\/webkuvonuevo-lzukrs5v3g.live-website.com\/#organization"},"potentialAction":[{"@type":"SearchAction","target":{"@type":"EntryPoint","urlTemplate":"https:\/\/webkuvonuevo-lzukrs5v3g.live-website.com\/?s={search_term_string}"},"query-input":{"@type":"PropertyValueSpecification","valueRequired":true,"valueName":"search_term_string"}}],"inLanguage":"es"},{"@type":"Organization","@id":"https:\/\/webkuvonuevo-lzukrs5v3g.live-website.com\/#organization","name":"KUVO Restaurante","url":"https:\/\/webkuvonuevo-lzukrs5v3g.live-website.com\/","logo":{"@type":"ImageObject","inLanguage":"es","@id":"https:\/\/webkuvonuevo-lzukrs5v3g.live-website.com\/#\/schema\/logo\/image\/","url":"https:\/\/restaurantekuvo.com\/es\/wp-content\/uploads\/2025\/03\/Logo-Kuvo.png","contentUrl":"https:\/\/restaurantekuvo.com\/es\/wp-content\/uploads\/2025\/03\/Logo-Kuvo.png","width":1417,"height":353,"caption":"KUVO Restaurante"},"image":{"@id":"https:\/\/webkuvonuevo-lzukrs5v3g.live-website.com\/#\/schema\/logo\/image\/"}}]}},"_links":{"self":[{"href":"https:\/\/restaurantekuvo.com\/es\/wp-json\/wp\/v2\/pages\/4890","targetHints":{"allow":["GET"]}}],"collection":[{"href":"https:\/\/restaurantekuvo.com\/es\/wp-json\/wp\/v2\/pages"}],"about":[{"href":"https:\/\/restaurantekuvo.com\/es\/wp-json\/wp\/v2\/types\/page"}],"author":[{"embeddable":true,"href":"https:\/\/restaurantekuvo.com\/es\/wp-json\/wp\/v2\/users\/1"}],"replies":[{"embeddable":true,"href":"https:\/\/restaurantekuvo.com\/es\/wp-json\/wp\/v2\/comments?post=4890"}],"version-history":[{"count":23,"href":"https:\/\/restaurantekuvo.com\/es\/wp-json\/wp\/v2\/pages\/4890\/revisions"}],"predecessor-version":[{"id":7155,"href":"https:\/\/restaurantekuvo.com\/es\/wp-json\/wp\/v2\/pages\/4890\/revisions\/7155"}],"wp:attachment":[{"href":"https:\/\/restaurantekuvo.com\/es\/wp-json\/wp\/v2\/media?parent=4890"}],"curies":[{"name":"wp","href":"https:\/\/api.w.org\/{rel}","templated":true}]}}